{"id":16,"date":"2017-08-18T17:27:18","date_gmt":"2017-08-18T15:27:18","guid":{"rendered":"http:\/\/ynotrad.com\/?page_id=16"},"modified":"2022-12-17T09:55:05","modified_gmt":"2022-12-17T08:55:05","slug":"mentions-legales","status":"publish","type":"page","link":"https:\/\/ynotrad.com\/fr\/mentions-legales\/","title":{"rendered":"Mention L\u00e9gales"},"content":{"rendered":"\n<p>&nbsp;&nbsp;&nbsp;&nbsp;&nbsp;&nbsp;&nbsp;&nbsp;&nbsp;&nbsp;&nbsp; Ce site est \u00e9dit\u00e9 par la soci\u00e9t\u00e9 <strong>Ynotrad SAS<\/strong> dont le si\u00e8ge social est situ\u00e9 478 Rue de la D\u00e9couverte &#8211; 31670 Lab\u00e8ge &#8211; France.<\/p>\n\n\n\n<p><strong>Information concernant la soci\u00e9t\u00e9 :<\/strong><\/p>\n\n\n\n<ul>\n<li>Capital social : 10 000 euros<\/li>\n\n\n\n<li>RCS 830&nbsp;518&nbsp;049 Toulouse<\/li>\n\n\n\n<li>N\u00b0 TVA Intracommunautaire : FR 348 305 180 49<\/li>\n<\/ul>\n\n\n\n<p><strong>H\u00e9bergement :<\/strong><\/p>\n\n\n\n<p>Le site est h\u00e9berg\u00e9 par la soci\u00e9t\u00e9 OVH situ\u00e9e 2 rue Kellermann &#8211; 59100 Roubaix &#8211; France &#8211; T\u00e9l. 09 72 37 97 74<br><br><br><\/p>\n\n\n\n<p><strong>Donn\u00e9es personnelles et cookies :<\/strong><\/p>\n\n\n\n<p>Vous pouvez visiter notre site Internet sans avoir \u00e0 d\u00e9cliner votre identit\u00e9 et \u00e0 fournir des informations personnelles vous concernant. Cependant, nous pouvons parfois vous demander des informations. Par exemple, pour traiter une commande, \u00e9tablir une correspondance, fournir un abonnement ou tout autre demande n\u00e9cessitant de recueillir des renseignements personnels.<br>Nous ne communiquons aucune de ces donn\u00e9es personnelles \u00e0 des tiers. A l&rsquo;exception des donn\u00e9es n\u00e9cessaires \u00e0 l&rsquo;envoi de la commande que nous communiquons au partenaire utilis\u00e9 pour l&rsquo;exp\u00e9dition de votre commande (Colissimo, UPS, DHL, Chronopost, etc &#8230;).<\/p>\n\n\n\n<p>Toutes les donn\u00e9es que nous recueillons sont stock\u00e9es sur des serveurs situ\u00e9s en France.<\/p>\n\n\n\n<p>Vous pouvez exercer votre droit d&rsquo;acc\u00e8s, de modification ou de suppression de vos donn\u00e9es personnelles en nous adressant votre demande par courrier (YNOTRAD &nbsp;&#8211; 478 Rue de la D\u00e9couverte &#8211; 31670 Lab\u00e8ge). Ynotrad se r\u00e9serve le droit de v\u00e9rifier votre identit\u00e9 avant de vous apporter une r\u00e9ponse.<\/p>\n\n\n\n<p>Nous n&rsquo;utilisons pas de cookies pour tracer la navigation sur notre site. Cependant vous pourrez constater l&rsquo;existence de 2 cookies li\u00e9s \u00e0 notre site Internet (ynotrad.com). Il s&rsquo;agit de 2 cookies \u00ab\u00a0technique\u00a0\u00bb dont l&rsquo;usage est propre \u00e0 notre h\u00e9bergeur OVH \u00e0 Roubaix (FR) et qui permettent, entre autres, d&rsquo;assurer la r\u00e9partition de la charge sur leurs serveurs, mais ceux-ci ne contiennent pas d&rsquo;information personnelle.<br>Certains sites peuvent \u00e9galement d\u00e9poser des cookies pendant votre visite sur notre site (vid\u00e9o YouTube int\u00e9gr\u00e9e \u00e0 notre site par exemple). Ces cookies (sites tiers) peuvent \u00eatre refus\u00e9s en param\u00e9trant votre navigateur.<\/p>\n\n\n\n<p><strong>Param\u00e9trage des cookies dans les principaux navigateurs :<\/strong><\/p>\n\n\n\n<p>La configuration de chaque navigateur est diff\u00e9rente pour la gestion des cookies. Vous pouvez trouver les indications dans la rubrique aide de chaque navigateur. Voici une liste non exhaustive du param\u00e9trage pour les principaux navigateurs utilis\u00e9s.<\/p>\n\n\n\n<ul>\n<li>Firefox : Pr\u00e9f\u00e9rences &#8212;&gt; Vie priv\u00e9e puis choisissez les options souhait\u00e9es<\/li>\n\n\n\n<li>Chrome et Chromium : Param\u00e8tres &#8212;&gt; cliquez sur \u00ab\u00a0Afficher les param\u00e8tres avanc\u00e9s\u00a0\u00bb en bas de la page puis sur \u00ab\u00a0Param\u00e8tres de contenu\u00a0\u00bb dans la rubrique Confidentialit\u00e9, puis choisissez les options souhait\u00e9es<\/li>\n\n\n\n<li>Safari : Safari &#8212;&gt; Pr\u00e9f\u00e9rences puis cliquez sur Confidentialit\u00e9 et choississez les options souhait\u00e9es<\/li>\n\n\n\n<li>Microsoft EDGE : Param\u00e8tres &#8212;&gt; Afficher les param\u00e8tres avanc\u00e9s (en bas de page) &#8212;&gt; Dans la rubrique Cookies, choisissez vos pr\u00e9f\u00e9rences.<\/li>\n\n\n\n<li>Internet Explorer : Outils &#8212;&gt; Options internet &#8212;&gt; Confidentialit\u00e9 puis choisissez le niveau souhait\u00e9<\/li>\n<\/ul>\n\n\n\n<p>Les menus et options peuvent varier selon votre syst\u00e8me d&rsquo;exploitation ou la version du navigateur utilis\u00e9.<\/p>\n","protected":false},"excerpt":{"rendered":"<p>&nbsp;&nbsp;&nbsp;&nbsp;&nbsp;&nbsp;&nbsp;&nbsp;&nbsp;&nbsp;&nbsp; Ce site est \u00e9dit\u00e9 par la soci\u00e9t\u00e9 Ynotrad SAS dont le si\u00e8ge social est situ\u00e9 478 Rue de la D\u00e9couverte &#8211; 31670 Lab\u00e8ge &#8211; France. Information concernant la soci\u00e9t\u00e9 : H\u00e9bergement : Le site est h\u00e9berg\u00e9 par la soci\u00e9t\u00e9 OVH situ\u00e9e 2 rue Kellermann &#8211; 59100 Roubaix &#8211; France &#8211; T\u00e9l. 09 72 37 <a href=\"https:\/\/ynotrad.com\/fr\/mentions-legales\/\" rel=\"nofollow\"><span class=\"sr-only\">En savoir plus surMention L\u00e9gales<\/span>[&hellip;]<\/a><\/p>\n","protected":false},"author":1,"featured_media":0,"parent":0,"menu_order":0,"comment_status":"closed","ping_status":"closed","template":"","meta":[],"translation":{"provider":"WPGlobus","version":"2.10.6","language":"fr","enabled_languages":["en","fr"],"languages":{"en":{"title":true,"content":true,"excerpt":false},"fr":{"title":true,"content":true,"excerpt":false}}},"acf":[],"_links":{"self":[{"href":"https:\/\/ynotrad.com\/fr\/wp-json\/wp\/v2\/pages\/16"}],"collection":[{"href":"https:\/\/ynotrad.com\/fr\/wp-json\/wp\/v2\/pages"}],"about":[{"href":"https:\/\/ynotrad.com\/fr\/wp-json\/wp\/v2\/types\/page"}],"author":[{"embeddable":true,"href":"https:\/\/ynotrad.com\/fr\/wp-json\/wp\/v2\/users\/1"}],"replies":[{"embeddable":true,"href":"https:\/\/ynotrad.com\/fr\/wp-json\/wp\/v2\/comments?post=16"}],"version-history":[{"count":2,"href":"https:\/\/ynotrad.com\/fr\/wp-json\/wp\/v2\/pages\/16\/revisions"}],"predecessor-version":[{"id":374,"href":"https:\/\/ynotrad.com\/fr\/wp-json\/wp\/v2\/pages\/16\/revisions\/374"}],"wp:attachment":[{"href":"https:\/\/ynotrad.com\/fr\/wp-json\/wp\/v2\/media?parent=16"}],"curies":[{"name":"wp","href":"https:\/\/api.w.org\/{rel}","templated":true}]}}