{"id":5,"date":"2017-08-18T17:23:34","date_gmt":"2017-08-18T15:23:34","guid":{"rendered":"http:\/\/ynotrad.com\/?page_id=5"},"modified":"2017-08-18T17:23:34","modified_gmt":"2017-08-18T15:23:34","slug":"notre-offre","status":"publish","type":"page","link":"http:\/\/ynotrad.com\/fr\/notre-offre\/","title":{"rendered":"Notre offre"},"content":{"rendered":"<p><strong>Premi\u00e8re \u00e9tape : vous aider \u00e0 produire une offre \u00e0 votre client. <\/strong><\/p>\n<p>Etude du projet, S\u00e9lection des fournisseurs et n\u00e9gociation des tarifs et d\u00e9lais d\u2019approvisionnement, Prise en compte des diff\u00e9rentes contraintes douani\u00e8res et fiscales, Garantie du respect des exigences r\u00e8glementaires, S\u00e9curisation des diff\u00e9rents moyens de r\u00e8glements : \u2022 Virements bancaires, \u2022 Cr\u00e9dits irr\u00e9vocables et confirm\u00e9s, \u2022 Assurances cr\u00e9dit COFACE, \u2022 Diff\u00e9rentes devises possibles, Organisation du transport : \u2022 Choix du mode de transport : Route, Air, Mer, \u2022 Choix et s\u00e9lection des transporteurs adapt\u00e9s, \u2022 Assurances transport, \u2022 Choix de l\u2019incoterm, A l\u2019aide de tous ces \u00e9l\u00e9ments, YNOTRAD vous confirme le co\u00fbt global de revient de votre projet. Vous d\u00e9cidez alors du niveau de marge \u00e0 op\u00e9rer et YNOTRAD vous produit alors une offre formelle que vous enverrez \u00e0 votre client.<\/p>\n<p>&nbsp;<\/p>\n<p><strong>Deuxi\u00e8me \u00e9tape : assurer la r\u00e9alisation de la commande. <\/strong><\/p>\n<p>Une fois l\u2019offre valid\u00e9e par votre client, YNOTRAD met tout en \u0153uvre pour assurer la r\u00e9alisation efficace de la commande : Approvisionnement dans les d\u00e9lais optimis\u00e9s. Contr\u00f4le qualit\u00e9 des \u00e9quipements. Exp\u00e9dition chez votre client avec une tra\u00e7abilit\u00e9 assur\u00e9e. Production documentaire selon les modalit\u00e9s d\u00e9finies dans le contrat de vente : \u2022 Factures commerciales, \u2022 Bons de livraison, \u2022 Certificats d\u2019origine, \u2022 Certificats de conformit\u00e9, \u2022 Lettre de transport a\u00e9rien, \u2022 Certificats de garantie,\u2026<\/p>\n<p>&nbsp;<\/p>\n<p><strong>Troisi\u00e8me \u00e9tape : R\u00e9mun\u00e9ration de l\u2019op\u00e9rateur commercial et garantie. <\/strong><\/p>\n<p>Une fois votre client livr\u00e9, YNOTRAD fournit \u00e0 l\u2019op\u00e9rateur commercial toutes les preuves d\u2019achat de la commande. L\u2019op\u00e9rateur commercial peut alors produire la facture \u00e0 YNOTRAD qui proc\u00e8de ainsi \u00e0 votre r\u00e9mun\u00e9ration telle que d\u00e9finie dans le contrat. A travers l\u2019op\u00e9rateur commercial responsable de la vente, YNOTRAD assure bien entendu le SAV et la garantie du mat\u00e9riel livr\u00e9.<\/p>\n","protected":false},"excerpt":{"rendered":"<p>Premi\u00e8re \u00e9tape : vous aider \u00e0 produire une offre \u00e0 votre client. Etude du projet, S\u00e9lection des fournisseurs et n\u00e9gociation des tarifs et d\u00e9lais d\u2019approvisionnement, Prise en compte des diff\u00e9rentes contraintes douani\u00e8res et fiscales, Garantie du respect des exigences r\u00e8glementaires, S\u00e9curisation des diff\u00e9rents moyens de r\u00e8glements : \u2022 Virements bancaires, \u2022 Cr\u00e9dits irr\u00e9vocables et confirm\u00e9s, <a href=\"http:\/\/ynotrad.com\/fr\/notre-offre\/\" rel=\"nofollow\"><span class=\"sr-only\">En savoir plus surNotre offre<\/span>[&hellip;]<\/a><\/p>\n","protected":false},"author":1,"featured_media":0,"parent":0,"menu_order":0,"comment_status":"closed","ping_status":"closed","template":"","meta":[],"translation":{"provider":"WPGlobus","version":"2.10.6","language":"fr","enabled_languages":["en","fr"],"languages":{"en":{"title":true,"content":true,"excerpt":false},"fr":{"title":false,"content":false,"excerpt":false}}},"acf":[],"_links":{"self":[{"href":"http:\/\/ynotrad.com\/fr\/wp-json\/wp\/v2\/pages\/5"}],"collection":[{"href":"http:\/\/ynotrad.com\/fr\/wp-json\/wp\/v2\/pages"}],"about":[{"href":"http:\/\/ynotrad.com\/fr\/wp-json\/wp\/v2\/types\/page"}],"author":[{"embeddable":true,"href":"http:\/\/ynotrad.com\/fr\/wp-json\/wp\/v2\/users\/1"}],"replies":[{"embeddable":true,"href":"http:\/\/ynotrad.com\/fr\/wp-json\/wp\/v2\/comments?post=5"}],"version-history":[{"count":1,"href":"http:\/\/ynotrad.com\/fr\/wp-json\/wp\/v2\/pages\/5\/revisions"}],"predecessor-version":[{"id":6,"href":"http:\/\/ynotrad.com\/fr\/wp-json\/wp\/v2\/pages\/5\/revisions\/6"}],"wp:attachment":[{"href":"http:\/\/ynotrad.com\/fr\/wp-json\/wp\/v2\/media?parent=5"}],"curies":[{"name":"wp","href":"https:\/\/api.w.org\/{rel}","templated":true}]}}