{"id":12,"date":"2017-08-18T17:26:51","date_gmt":"2017-08-18T15:26:51","guid":{"rendered":"http:\/\/ynotrad.com\/?page_id=12"},"modified":"2017-08-18T17:26:51","modified_gmt":"2017-08-18T15:26:51","slug":"abonnements","status":"publish","type":"page","link":"http:\/\/ynotrad.com\/fr\/abonnements\/","title":{"rendered":"Abonnements"},"content":{"rendered":"<p>Etape 1 : remplir le formulaire ci-dessous<\/p>\n<p>Etape 2 :\u00a0contractualisation de vos services avec YNOTRAD. Une fois les r\u00e9serves lev\u00e9es sur l\u2019exclusivit\u00e9 du projet, il vous appartiendra de signer le contrat avec YNOTRAD permettant de s\u00e9curiser votre projet. Nos \u00e9quipes mettent ainsi tout en \u0153uvre pour vous apporter le backoffice n\u00e9cessaire \u00e0 la production de l\u2019offre dans les meilleurs d\u00e9lais.<\/p>\n<p>&nbsp;<\/p>\n<p>CONDITIONS ET ABONNEMENTS : Seules les personnes morales sont \u00e9ligibles \u00e0 nos services. Pour vous convaincre, YNOTRAD vous propose de tester gratuitement nos services et vous offre un accompagnement sur les 3 premiers projets. A partir du quatri\u00e8me projet, un abonnement de 599 Euros annuels vous sera factur\u00e9.<\/p>\n<p>&nbsp;<\/p>\n<p>+ FORMULAIRE ICI<\/p>\n","protected":false},"excerpt":{"rendered":"<p>Etape 1 : remplir le formulaire ci-dessous Etape 2 :\u00a0contractualisation de vos services avec YNOTRAD. Une fois les r\u00e9serves lev\u00e9es sur l\u2019exclusivit\u00e9 du projet, il vous appartiendra de signer le contrat avec YNOTRAD permettant de s\u00e9curiser votre projet. Nos \u00e9quipes mettent ainsi tout en \u0153uvre pour vous apporter le backoffice n\u00e9cessaire \u00e0 la production de <a href=\"http:\/\/ynotrad.com\/fr\/abonnements\/\" rel=\"nofollow\"><span class=\"sr-only\">En savoir plus surAbonnements<\/span>[&hellip;]<\/a><\/p>\n","protected":false},"author":1,"featured_media":0,"parent":0,"menu_order":0,"comment_status":"closed","ping_status":"closed","template":"","meta":[],"translation":{"provider":"WPGlobus","version":"2.10.6","language":"fr","enabled_languages":["en","fr"],"languages":{"en":{"title":true,"content":true,"excerpt":false},"fr":{"title":false,"content":false,"excerpt":false}}},"acf":[],"_links":{"self":[{"href":"http:\/\/ynotrad.com\/fr\/wp-json\/wp\/v2\/pages\/12"}],"collection":[{"href":"http:\/\/ynotrad.com\/fr\/wp-json\/wp\/v2\/pages"}],"about":[{"href":"http:\/\/ynotrad.com\/fr\/wp-json\/wp\/v2\/types\/page"}],"author":[{"embeddable":true,"href":"http:\/\/ynotrad.com\/fr\/wp-json\/wp\/v2\/users\/1"}],"replies":[{"embeddable":true,"href":"http:\/\/ynotrad.com\/fr\/wp-json\/wp\/v2\/comments?post=12"}],"version-history":[{"count":1,"href":"http:\/\/ynotrad.com\/fr\/wp-json\/wp\/v2\/pages\/12\/revisions"}],"predecessor-version":[{"id":13,"href":"http:\/\/ynotrad.com\/fr\/wp-json\/wp\/v2\/pages\/12\/revisions\/13"}],"wp:attachment":[{"href":"http:\/\/ynotrad.com\/fr\/wp-json\/wp\/v2\/media?parent=12"}],"curies":[{"name":"wp","href":"https:\/\/api.w.org\/{rel}","templated":true}]}}